{"id":7,"date":"2013-01-09T10:51:47","date_gmt":"2013-01-09T08:51:47","guid":{"rendered":"http:\/\/www.purnatour.de\/Produktinfo\/?page_id=7"},"modified":"2025-03-14T10:42:28","modified_gmt":"2025-03-14T09:42:28","slug":"impressum","status":"publish","type":"page","link":"https:\/\/www.purnatour.de\/Produktinfo\/impressum\/","title":{"rendered":"Impressum"},"content":{"rendered":"<p>Impressum<\/p>\n<div class=\"content_page_inner\">\n<p><strong>Tel.Nr.: 040 \/ 8000 84 53 8 (Service)<\/strong><\/p>\n<p>purNatour \/ Retoure und Serviceadresse<br \/>\nKundenservice<br \/>\nAm Kaiserkai 69<br \/>\n20457 Hamburg<\/p>\n<p>purNatour<sup>\u00ae\u00a0<\/sup><\/p>\n<p>Inhaber: Adina Sillack<\/p>\n<p>Kieler Str. 16<br \/>\n01109 Dresden<br \/>\nDeutschland<\/p>\n<p>Telefon: +49 40 8000 84 53 8<\/p>\n<p>E-Mail: &#x69;n&#x66;o&#x40;&#112;u&#x72;n&#x61;&#116;o&#x75;r&#x2e;&#100;e<\/p>\n<p>Umsatzsteuer-Identifikationsnummer: DE 272030836<\/p>\n<p>Verantwortlich gem\u00e4\u00df \u00a7 55 RStV:<br \/>\nAdina Sillack<br \/>\nKieler Str. 16<br \/>\n01109 Dresden<br \/>\nDeutschland<\/p>\n<p>Die Europ\u00e4ische Kommission stellt eine Plattform zur Online-Streitbeilegung (OS) bereit, die Sie hier finden <a href=\"https:\/\/ec.europa.eu\/consumers\/odr\/\" target=\"_blank\" rel=\"noopener\">https:\/\/ec.europa.eu\/consumers\/odr\/<\/a>. Verbraucher haben die M\u00f6glichkeit, diese Plattform f\u00fcr die Beilegung ihrer Streitigkeiten zu nutzen.<br \/>\nZur Beilegung von Streitigkeiten aus einem Vertragsverh\u00e4ltnis mit einem Verbraucher bzw. dar\u00fcber, ob ein solches Vertragsverh\u00e4ltnis \u00fcberhaupt besteht, sind wir zur Teilnahme an Streitbeilegungsverfahren vor einer Verbraucherschlichtungsstelle verpflichtet. Zust\u00e4ndig ist die Allgemeine Verbraucherschlichtungsstelle des Zentrums f\u00fcr Schlichtung e.V., Stra\u00dfburger Stra\u00dfe 8, 77694 Kehl am Rhein, <a href=\"https:\/\/www.universalschlichtungsstelle.de\/\" target=\"_blank\" rel=\"noopener\">www.universalschlichtungsstelle.de<\/a>. An einem Streitbeilegungsverfahren vor dieser Stelle werden wir teilnehmen.<\/p>\n<\/div>\n","protected":false},"excerpt":{"rendered":"<p>Impressum Tel.Nr.: 040 \/ 8000 84 53 8 (Service) purNatour \/ Retoure und Serviceadresse Kundenservice Am Kaiserkai 69 20457 Hamburg purNatour\u00ae\u00a0 Inhaber: Adina Sillack Kieler Str. 16 01109 Dresden Deutschland Telefon: +49 40 8000 84 53 8 E-Mail: &#105;&#x6e;f&#x6f;&#64;&#x70;u&#114;&#x6e;a&#x74;o&#x75;r&#46;&#x64;e Umsatzsteuer-Identifikationsnummer: DE 272030836 Verantwortlich gem\u00e4\u00df \u00a7 55 RStV: Adina Sillack &hellip;<\/p>\n","protected":false},"author":1,"featured_media":0,"parent":0,"menu_order":0,"comment_status":"open","ping_status":"open","template":"","meta":{"footnotes":""},"_links":{"self":[{"href":"https:\/\/www.purnatour.de\/Produktinfo\/wp-json\/wp\/v2\/pages\/7"}],"collection":[{"href":"https:\/\/www.purnatour.de\/Produktinfo\/wp-json\/wp\/v2\/pages"}],"about":[{"href":"https:\/\/www.purnatour.de\/Produktinfo\/wp-json\/wp\/v2\/types\/page"}],"author":[{"embeddable":true,"href":"https:\/\/www.purnatour.de\/Produktinfo\/wp-json\/wp\/v2\/users\/1"}],"replies":[{"embeddable":true,"href":"https:\/\/www.purnatour.de\/Produktinfo\/wp-json\/wp\/v2\/comments?post=7"}],"version-history":[{"count":5,"href":"https:\/\/www.purnatour.de\/Produktinfo\/wp-json\/wp\/v2\/pages\/7\/revisions"}],"predecessor-version":[{"id":795,"href":"https:\/\/www.purnatour.de\/Produktinfo\/wp-json\/wp\/v2\/pages\/7\/revisions\/795"}],"wp:attachment":[{"href":"https:\/\/www.purnatour.de\/Produktinfo\/wp-json\/wp\/v2\/media?parent=7"}],"curies":[{"name":"wp","href":"https:\/\/api.w.org\/{rel}","templated":true}]}}