{"id":2,"date":"2013-01-08T11:54:31","date_gmt":"2013-01-08T11:54:31","guid":{"rendered":"http:\/\/www.purnatour.de\/Produktinfo\/?page_id=2"},"modified":"2025-03-14T10:45:43","modified_gmt":"2025-03-14T09:45:43","slug":"ueber-uns","status":"publish","type":"page","link":"https:\/\/www.purnatour.de\/Produktinfo\/ueber-uns\/","title":{"rendered":"\u00dcber purNatour\u00a0\u2013 Naturbettwaren und green lifestyle"},"content":{"rendered":"<p data-start=\"130\" data-end=\"377\">Liebst du Natur-Qualit\u00e4t, Nachhaltigkeit und faire Produktionsbedingungen? Wir auch! Seit \u00fcber einem Jahrzehnt bieten wir bei purNatour hochwertige Bettwaren aus nat\u00fcrlichen Materialien an \u2013 konsequent \u00f6kologisch und handgefertigt in Deutschland.<\/p>\n<p data-start=\"379\" data-end=\"728\">Wir verzichten bewusst auf Lagerware, lange Transportwege und Produktion im Ausland. Das bedeutet:\u00a0 k\u00fcrzere Transportwege und weniger CO\u2082-Belastung. Unsere Bettwaren werden in Zusammenarbeit mit regionalen Manufakturen und gemeinn\u00fctzigen Werkst\u00e4tten gefertigt \u2013 nachhaltig und sozial verantwortlich.<\/p>\n<hr data-start=\"730\" data-end=\"733\" \/>\n<h2 data-start=\"735\" data-end=\"781\">Bio-Bettdecken \u2013 Nat\u00fcrlich und nachhaltig<\/h2>\n<p data-start=\"782\" data-end=\"1066\">2011 haben wir unsere eigene Marke <strong data-start=\"817\" data-end=\"846\">gr\u00fcnvergn\u00fcgt<sup>\u00ae\u00a0<\/sup> by purNatour<\/strong> gegr\u00fcndet. Wir fertigen Naturhaar-Bettdecken, <a href=\"https:\/\/www.purnatour.de\/Produktinfo\/so-finden-sie-das-perfekte-kopfkissen-fuer-gesunden-schlaf\/\">Kopfkissen<\/a> und Auflagen aus reinen Naturmaterialien \u2013 f\u00fcr gesundes, nachhaltiges Schlafen. Unsere Produkte werden von Hand gefertigt und sind auf Langlebigkeit ausgelegt. 2014 kam die wunderbare Marke <strong>Wolkenk\u00f6nig\u2122<\/strong> hinzu. Mit der Marke Wokenk\u00f6nig\u2122 bietet purNatour<sup>\u00ae\u00a0<\/sup> hochwertige Bettdecken, Kissen und Auflagen f\u00fcr Kinder und Babys an.<\/p>\n<p data-start=\"1068\" data-end=\"1165\"><strong data-start=\"1071\" data-end=\"1106\">Entdecke unsere Bio-Bettdecken von gr\u00fcnvergn\u00fcgt:<\/strong> <a href=\"https:\/\/www.purnatour.de\/naturbettwaren\/\" target=\"_new\" rel=\"noopener\" data-start=\"1107\" data-end=\"1163\">Jetzt ansehen<\/a><\/p>\n<p data-start=\"1068\" data-end=\"1165\"><strong data-start=\"1071\" data-end=\"1106\">Entdecke unsere Bio-Bettdecken von wolkenk\u00f6nig f\u00fcr Kinder:<\/strong> <a href=\"https:\/\/www.purnatour.de\/Kinderbettwaren\/\" target=\"_new\" rel=\"noopener\" data-start=\"1107\" data-end=\"1163\">Jetzt ansehen<\/a><\/p>\n<hr data-start=\"1167\" data-end=\"1170\" \/>\n<h2 data-start=\"1172\" data-end=\"1217\">Natur-Matratzen \u2013 Schlafkomfort nach Ma\u00df<\/h2>\n<p data-start=\"1218\" data-end=\"1485\">Du suchst eine Matratze, die perfekt zu dir passt? Wir bieten hochwertige Latexmatratzen in Bio-Qualit\u00e4t von Baumberger Schlafkomfort nach deinen individuellen Bed\u00fcrfnissen. Dazu bieten wir umfassende Beratung und fertigen auch Matratzenauflagen, Kissen und weitere Bettwaren aus Naturfasern.<\/p>\n<p data-start=\"1487\" data-end=\"1597\"><strong data-start=\"1490\" data-end=\"1529\">Jetzt die passende Matratze finden:<\/strong> <a href=\"https:\/\/www.purnatour.de\/matratzen\/latexmatratzen\/\" target=\"_new\" rel=\"noopener\" data-start=\"1530\" data-end=\"1595\">Zu den Naturmatratzen<\/a><\/p>\n<hr data-start=\"1599\" data-end=\"1602\" \/>\n<h2 data-start=\"1604\" data-end=\"1660\">Menschen brauchen Menschen \u2013 Unser Service f\u00fcr dich<\/h2>\n<p data-start=\"1661\" data-end=\"1779\">Bei purNatour<sup>\u00ae\u00a0<\/sup>bist du keine Nummer \u2013 wir legen Wert auf pers\u00f6nlichen Kontakt und individuelle Beratung. Du erh\u00e4ltst:<\/p>\n<ul data-start=\"1780\" data-end=\"1959\">\n<li data-start=\"1780\" data-end=\"1805\">30 Tage R\u00fcckgaberecht<\/li>\n<li data-start=\"1806\" data-end=\"1834\">Kulanz bei R\u00fccksendungen<\/li>\n<li data-start=\"1835\" data-end=\"1883\">Fachkundige Beratung per Telefon oder E-Mail<\/li>\n<li data-start=\"1884\" data-end=\"1903\">Versand mit DHL<\/li>\n<li data-start=\"1904\" data-end=\"1959\">Reparatur- und Reinigungsservice f\u00fcr Naturbettwaren<\/li>\n<\/ul>\n<p data-start=\"1961\" data-end=\"2022\"><strong data-start=\"1964\" data-end=\"1992\">Fragen? Kontaktiere uns!<\/strong> <a href=\"https:\/\/www.purnatour.de\/info\/mein-kontakt.html\">Wir sind gerne f\u00fcr dich da.<\/a><\/p>\n<hr data-start=\"2024\" data-end=\"2027\" \/>\n<p data-start=\"2029\" data-end=\"2079\">Mit gr\u00fcnvergn\u00fcgten Gr\u00fc\u00dfen,<br data-start=\"2055\" data-end=\"2058\" \/>Dein purNatour-Team<\/p>\n","protected":false},"excerpt":{"rendered":"<p>Liebst du Natur-Qualit\u00e4t, Nachhaltigkeit und faire Produktionsbedingungen? Wir auch! Seit \u00fcber einem Jahrzehnt bieten wir bei purNatour hochwertige Bettwaren aus nat\u00fcrlichen Materialien an \u2013 konsequent \u00f6kologisch und handgefertigt in Deutschland. Wir verzichten bewusst auf Lagerware, lange Transportwege und Produktion im Ausland. Das bedeutet:\u00a0 k\u00fcrzere Transportwege und weniger CO\u2082-Belastung. Unsere &hellip;<\/p>\n","protected":false},"author":1,"featured_media":0,"parent":0,"menu_order":0,"comment_status":"open","ping_status":"open","template":"","meta":{"footnotes":""},"_links":{"self":[{"href":"https:\/\/www.purnatour.de\/Produktinfo\/wp-json\/wp\/v2\/pages\/2"}],"collection":[{"href":"https:\/\/www.purnatour.de\/Produktinfo\/wp-json\/wp\/v2\/pages"}],"about":[{"href":"https:\/\/www.purnatour.de\/Produktinfo\/wp-json\/wp\/v2\/types\/page"}],"author":[{"embeddable":true,"href":"https:\/\/www.purnatour.de\/Produktinfo\/wp-json\/wp\/v2\/users\/1"}],"replies":[{"embeddable":true,"href":"https:\/\/www.purnatour.de\/Produktinfo\/wp-json\/wp\/v2\/comments?post=2"}],"version-history":[{"count":13,"href":"https:\/\/www.purnatour.de\/Produktinfo\/wp-json\/wp\/v2\/pages\/2\/revisions"}],"predecessor-version":[{"id":797,"href":"https:\/\/www.purnatour.de\/Produktinfo\/wp-json\/wp\/v2\/pages\/2\/revisions\/797"}],"wp:attachment":[{"href":"https:\/\/www.purnatour.de\/Produktinfo\/wp-json\/wp\/v2\/media?parent=2"}],"curies":[{"name":"wp","href":"https:\/\/api.w.org\/{rel}","templated":true}]}}